{"id":99,"date":"2014-07-24T17:05:30","date_gmt":"2014-07-24T15:05:30","guid":{"rendered":"http:\/\/q4-haircare.de\/q4-neu\/?page_id=99"},"modified":"2015-11-09T16:11:34","modified_gmt":"2015-11-09T14:11:34","slug":"magic-towel","status":"publish","type":"page","link":"https:\/\/q4-haircare.de\/q4-neu\/q4-produkte\/magic-towel\/","title":{"rendered":"Magic Towel"},"content":{"rendered":"<p>&nbsp;<\/p>\n<p>&nbsp;<\/p>\n<p>&nbsp;<\/p>\n<p>&nbsp;<\/p>\n<p>&nbsp;<\/p>\n<p>&nbsp;<\/p>\n<p>&nbsp;<\/p>\n<p>&nbsp;<br \/>\n<iframe loading=\"lazy\" width=\"854\" height=\"480\" src=\"https:\/\/www.youtube.com\/embed\/vWfGpAUH7UM\" frameborder=\"0\" allowfullscreen><\/iframe><br \/>\n&nbsp;<\/p>\n<p>Das Magic Towel in Verbindung mit dem Q4 sensual haircare Gesichtstonic ist eine einzigartige Komposition aus Erfrischung, Duft und Entspannung.<\/p>\n<p>Erleben Sie wie sich das Magic Towel in Verbindung mit dem Q4 Gesichtstonic, binnen Sekunden auf wundersame Weise zu einer weichen Wohlf\u00fchlkompresse entfaltet.<\/p>\n<p>&nbsp;<\/p>\n<p><img decoding=\"async\" loading=\"lazy\" class=\"alignleft size-full wp-image-112\" src=\"http:\/\/q4-haircare.de\/q4-neu\/wp-content\/uploads\/2014\/07\/14-07-24-Magic-Towel.jpg\" alt=\"14-07-24 Magic Towel\" width=\"600\" height=\"150\" srcset=\"https:\/\/q4-haircare.de\/q4-neu\/wp-content\/uploads\/2014\/07\/14-07-24-Magic-Towel.jpg 600w, https:\/\/q4-haircare.de\/q4-neu\/wp-content\/uploads\/2014\/07\/14-07-24-Magic-Towel-300x75.jpg 300w\" sizes=\"(max-width: 600px) 100vw, 600px\" \/><\/p>\n<p>&nbsp;<\/p>\n<p>&nbsp;<\/p>\n<p>&nbsp;<\/p>\n<p>&nbsp;<\/p>\n<p>&nbsp;<\/p>\n<p>&nbsp;<\/p>\n<p>Das Q4-Gesichtstonic f\u00fcr die Dame bzw. f\u00fcr den Herrn ist ausschlie\u00dflich als exklusive Zusatzdienstleistung bei ausgesuchten\u00a0 Friseuren erh\u00e4ltlich. Es<\/p>\n<ul>\n<li>entfernt Schnitthaare aus Nacken und Gesicht,<\/li>\n<li>dient als Erfrischungstuch an hei\u00dfen Sommertagen, bzw.<\/li>\n<li>zur Schwei\u00dfentfernung vor der Behandlung.<\/li>\n<li>beruhigt die Haut und vermittelt unmittelbar eine stressmildernde Wirkung.<\/li>\n<li>entfaltet einen angenehm trendigen Duft f\u00fcr die Dame und f\u00fcr den Herrn.<\/li>\n<\/ul>\n<p><strong>Duftrichtungen:<\/strong><br \/>\nF\u00fcr die Dame ein lieblicher Pfirsich- und f\u00fcr den Herren ein herb frischer Minzduft. Selbstverst\u00e4ndlich k\u00f6nnen die D\u00fcfte auch getauscht werden.<\/p>\n<p>&nbsp;<\/p>\n<p>&nbsp;<\/p>\n","protected":false},"excerpt":{"rendered":"<p>&nbsp; &nbsp; &nbsp; &nbsp; &nbsp; &nbsp; &nbsp; &nbsp; &nbsp; Das Magic Towel in Verbindung mit dem Q4 sensual haircare Gesichtstonic ist eine einzigartige Komposition aus Erfrischung, Duft und Entspannung. Erleben Sie wie sich das Magic Towel in Verbindung mit dem Q4 Gesichtstonic, binnen Sekunden auf wundersame Weise zu einer weichen Wohlf\u00fchlkompresse entfaltet. &nbsp; &nbsp; &nbsp; [&hellip;]<\/p>\n","protected":false},"author":2,"featured_media":106,"parent":7,"menu_order":0,"comment_status":"closed","ping_status":"closed","template":"","meta":[],"_links":{"self":[{"href":"https:\/\/q4-haircare.de\/q4-neu\/wp-json\/wp\/v2\/pages\/99"}],"collection":[{"href":"https:\/\/q4-haircare.de\/q4-neu\/wp-json\/wp\/v2\/pages"}],"about":[{"href":"https:\/\/q4-haircare.de\/q4-neu\/wp-json\/wp\/v2\/types\/page"}],"author":[{"embeddable":true,"href":"https:\/\/q4-haircare.de\/q4-neu\/wp-json\/wp\/v2\/users\/2"}],"replies":[{"embeddable":true,"href":"https:\/\/q4-haircare.de\/q4-neu\/wp-json\/wp\/v2\/comments?post=99"}],"version-history":[{"count":17,"href":"https:\/\/q4-haircare.de\/q4-neu\/wp-json\/wp\/v2\/pages\/99\/revisions"}],"predecessor-version":[{"id":459,"href":"https:\/\/q4-haircare.de\/q4-neu\/wp-json\/wp\/v2\/pages\/99\/revisions\/459"}],"up":[{"embeddable":true,"href":"https:\/\/q4-haircare.de\/q4-neu\/wp-json\/wp\/v2\/pages\/7"}],"wp:featuredmedia":[{"embeddable":true,"href":"https:\/\/q4-haircare.de\/q4-neu\/wp-json\/wp\/v2\/media\/106"}],"wp:attachment":[{"href":"https:\/\/q4-haircare.de\/q4-neu\/wp-json\/wp\/v2\/media?parent=99"}],"curies":[{"name":"wp","href":"https:\/\/api.w.org\/{rel}","templated":true}]}}