{"id":9,"date":"2014-07-24T13:59:23","date_gmt":"2014-07-24T11:59:23","guid":{"rendered":"http:\/\/q4-haircare.de\/q4-neu\/?page_id=9"},"modified":"2021-02-01T17:23:38","modified_gmt":"2021-02-01T15:23:38","slug":"reinigung","status":"publish","type":"page","link":"https:\/\/q4-haircare.de\/q4-neu\/q4-produkte\/reinigung\/","title":{"rendered":"Reinigung"},"content":{"rendered":"<p><!-- Ab hier eingef\u00fcgt --><\/p>\n<p><!-- Bis hier eingef\u00fcgt --><\/p>\n<table style=\"height: 1023px;\" border=\"0\" cellspacing=\"0\" cellpadding=\"0\">\n<tbody>\n<tr style=\"height: 41px;\">\n<td style=\"padding-left: 30px; height: 41px;\" colspan=\"5\" valign=\"top\" bgcolor=\"#244169\" width=\"632\"><span style=\"color: #ffffff; font-size: medium;\"><span style=\"color: #ffffff;\"><strong>Shampoo<\/strong><\/span><\/span><\/td>\n<\/tr>\n<tr style=\"height: 64px;\">\n<td style=\"height: 334px;\" rowspan=\"2\" valign=\"top\" width=\"149\">\u00a0<a href=\"http:\/\/q4-haircare.de\/q4-neu\/wp-content\/uploads\/2021\/02\/Shampoo_Volumen_11.png\"><img decoding=\"async\" loading=\"lazy\" class=\"wp-image-555  aligncenter\" src=\"http:\/\/q4-haircare.de\/q4-neu\/wp-content\/uploads\/2021\/02\/Shampoo_Volumen_11-83x300.png\" alt=\"\" width=\"65\" height=\"235\" srcset=\"https:\/\/q4-haircare.de\/q4-neu\/wp-content\/uploads\/2021\/02\/Shampoo_Volumen_11-83x300.png 83w, https:\/\/q4-haircare.de\/q4-neu\/wp-content\/uploads\/2021\/02\/Shampoo_Volumen_11-282x1024.png 282w, https:\/\/q4-haircare.de\/q4-neu\/wp-content\/uploads\/2021\/02\/Shampoo_Volumen_11-423x1536.png 423w, https:\/\/q4-haircare.de\/q4-neu\/wp-content\/uploads\/2021\/02\/Shampoo_Volumen_11.png 463w\" sizes=\"(max-width: 65px) 100vw, 65px\" \/><\/a><\/td>\n<td style=\"padding-left: 30px; height: 64px;\" valign=\"top\" bgcolor=\"#244169\" width=\"159\"><span style=\"color: #ffffff;\"><span style=\"color: #ffffff;\"><strong>Volumen Peelingshampoo <span style=\"color: #ffffff;\">Gurke<\/span><br \/>\n<\/strong><\/span><\/span><\/td>\n<td style=\"height: 64px;\" valign=\"top\" width=\"19\"><\/td>\n<td style=\"height: 334px;\" rowspan=\"2\" valign=\"top\" width=\"150\">\u00a0<a href=\"http:\/\/q4-haircare.de\/q4-neu\/wp-content\/uploads\/2021\/02\/Shampoo_Farbschutz_11.png\"><img decoding=\"async\" loading=\"lazy\" class=\"wp-image-558 aligncenter\" src=\"http:\/\/q4-haircare.de\/q4-neu\/wp-content\/uploads\/2021\/02\/Shampoo_Farbschutz_11-83x300.png\" alt=\"\" width=\"65\" height=\"235\" srcset=\"https:\/\/q4-haircare.de\/q4-neu\/wp-content\/uploads\/2021\/02\/Shampoo_Farbschutz_11-83x300.png 83w, https:\/\/q4-haircare.de\/q4-neu\/wp-content\/uploads\/2021\/02\/Shampoo_Farbschutz_11-282x1024.png 282w, https:\/\/q4-haircare.de\/q4-neu\/wp-content\/uploads\/2021\/02\/Shampoo_Farbschutz_11-423x1536.png 423w, https:\/\/q4-haircare.de\/q4-neu\/wp-content\/uploads\/2021\/02\/Shampoo_Farbschutz_11.png 463w\" sizes=\"(max-width: 65px) 100vw, 65px\" \/><\/a><\/td>\n<td style=\"padding-left: 30px; height: 64px;\" valign=\"top\" bgcolor=\"#244169\" width=\"154\"><span style=\"color: #ffffff;\"><span style=\"color: #ffffff;\"><strong>Farbschutzshampoo\u00a0 <strong>Schl\u00fcsselblume<br \/>\n<\/strong><\/strong><\/span><\/span><\/td>\n<\/tr>\n<tr style=\"height: 270px;\">\n<td style=\"height: 270px;\" valign=\"top\" width=\"159\"><span style=\"color: #000000;\">Befreit Ihr Haar von R\u00fcckst\u00e4nden &#8211; es erh\u00e4lt strahlenden Glanz und unbeschwertes Volumen. Ausgew\u00e4hlte Inhaltsstoffe mit Gurken Extrakt und Panthenol spenden Ihrem Haar Feuchtigkeit. Die Volumenformel mit Keratin sorgt f\u00fcr kraftvolles Haar. <\/span><span style=\"color: #000000;\">Erh\u00e4ltlich in den Gr\u00f6\u00dfen: 200ml, 500ml, 5.000ml<\/span><\/td>\n<td style=\"height: 270px;\" valign=\"top\" width=\"19\"><\/td>\n<td style=\"height: 270px;\" valign=\"top\" width=\"154\"><span style=\"color: #000000;\">Reinigt Ihr Haar besonders sanft und sorgt auf zauberhafte Art f\u00fcr Farbbrillanz. Die Kombination ausgew\u00e4hlter Inhaltsstoffe mit Schl\u00fcsselblumen Extrakt und Pro-Vitamin B5 spendet Feuchtigkeit und seidiges Haargef\u00fchl. Die milde Formel sorgt f\u00fcr Farberhalt um Haarfarbe bestm\u00f6glich vor dem vorzeitigen Verblassen zu bewahren. <\/span><span style=\"color: #000000;\">Erh\u00e4ltlich in den Gr\u00f6\u00dfen: 200ml, 500ml, 5.000ml<\/span><\/td>\n<\/tr>\n<tr style=\"height: 64px;\">\n<td style=\"height: 293px;\" rowspan=\"2\" valign=\"top\" width=\"149\">\u00a0<a href=\"http:\/\/q4-haircare.de\/q4-neu\/wp-content\/uploads\/2021\/02\/Shampoo_Intensiv_11.png\"><img decoding=\"async\" loading=\"lazy\" class=\"wp-image-559 aligncenter\" src=\"http:\/\/q4-haircare.de\/q4-neu\/wp-content\/uploads\/2021\/02\/Shampoo_Intensiv_11-83x300.png\" alt=\"\" width=\"65\" height=\"235\" srcset=\"https:\/\/q4-haircare.de\/q4-neu\/wp-content\/uploads\/2021\/02\/Shampoo_Intensiv_11-83x300.png 83w, https:\/\/q4-haircare.de\/q4-neu\/wp-content\/uploads\/2021\/02\/Shampoo_Intensiv_11-282x1024.png 282w, https:\/\/q4-haircare.de\/q4-neu\/wp-content\/uploads\/2021\/02\/Shampoo_Intensiv_11-423x1536.png 423w, https:\/\/q4-haircare.de\/q4-neu\/wp-content\/uploads\/2021\/02\/Shampoo_Intensiv_11.png 463w\" sizes=\"(max-width: 65px) 100vw, 65px\" \/><\/a><\/td>\n<td style=\"padding-left: 30px; height: 64px;\" valign=\"top\" bgcolor=\"#244169\" width=\"159\"><span style=\"color: #ffffff;\"><strong>Intensiv-Pflegeshampoo <\/strong><strong>Papaya<br \/>\n<\/strong><\/span><\/td>\n<td style=\"height: 64px;\" valign=\"top\" width=\"19\"><\/td>\n<td style=\"height: 293px;\" rowspan=\"2\" valign=\"top\" width=\"150\">\u00a0<a href=\"http:\/\/q4-haircare.de\/q4-neu\/wp-content\/uploads\/2021\/02\/Shampoo_Antischuppen_11.png\"><img decoding=\"async\" loading=\"lazy\" class=\"wp-image-570 aligncenter\" src=\"http:\/\/q4-haircare.de\/q4-neu\/wp-content\/uploads\/2021\/02\/Shampoo_Antischuppen_11-83x300.png\" alt=\"\" width=\"65\" height=\"235\" srcset=\"https:\/\/q4-haircare.de\/q4-neu\/wp-content\/uploads\/2021\/02\/Shampoo_Antischuppen_11-83x300.png 83w, https:\/\/q4-haircare.de\/q4-neu\/wp-content\/uploads\/2021\/02\/Shampoo_Antischuppen_11-282x1024.png 282w, https:\/\/q4-haircare.de\/q4-neu\/wp-content\/uploads\/2021\/02\/Shampoo_Antischuppen_11-423x1536.png 423w, https:\/\/q4-haircare.de\/q4-neu\/wp-content\/uploads\/2021\/02\/Shampoo_Antischuppen_11.png 463w\" sizes=\"(max-width: 65px) 100vw, 65px\" \/><\/a><\/td>\n<td style=\"padding-left: 30px; height: 64px;\" valign=\"top\" bgcolor=\"#244169\" width=\"154\"><span style=\"color: #ffffff;\"><strong>Antischuppenshampoo Aloe Vera<br \/>\n<\/strong><\/span><\/td>\n<\/tr>\n<tr style=\"height: 229px;\">\n<td style=\"height: 229px;\" valign=\"top\" width=\"159\"><span style=\"color: #000000;\">Intensiv Pflegeshampoo reinigt sanft und st\u00e4rkt zugleich pflegebed\u00fcrftiges Haar. Pflegestoffe\u00a0 versorgen Ihr Haar mit Feuchtigkeit, es erh\u00e4lt restrukturiertes Aussehen, Glanz und K\u00e4mmbarkeit. Ideal f\u00fcr strapaziertes, stark lockiges bis krauses oder chemisch behandeltes Haar. <\/span><span style=\"color: #000000;\">Erh\u00e4ltlich in den Gr\u00f6\u00dfen: 200ml, 500ml, 5.000ml<\/span><\/td>\n<td style=\"height: 229px;\" valign=\"top\" width=\"19\"><\/td>\n<td style=\"height: 229px;\" valign=\"top\" width=\"154\"><span style=\"color: #000000;\">Reinigt besonders mild und wirkt bei regelm\u00e4\u00dfiger Anwendung nachhaltig gegen verschiedene Arten von Schuppen. <span style=\"color: #000000;\">Ausgew\u00e4hlte Inhaltsstoffe mit Aloe Vera Extrakt und Panthenol spenden<\/span> Feuchtigkeit und reduzieren Juckreiz und Kopfhautspannung. Geeignet f\u00fcr die t\u00e4gliche Anwendung. <\/span><span style=\"color: #000000;\">Erh\u00e4ltlich in den Gr\u00f6\u00dfen: 200ml, 500ml, 5.000ml<\/span><\/td>\n<\/tr>\n<tr style=\"height: 43px;\">\n<td style=\"width: 149px; text-align: center; vertical-align: top; height: 355px;\" rowspan=\"2\" valign=\"top\" width=\"149\"><a href=\"http:\/\/q4-haircare.de\/q4-neu\/wp-content\/uploads\/2021\/02\/Shampoo_Silberreflex_11.png\"><img decoding=\"async\" loading=\"lazy\" class=\"wp-image-574 aligncenter\" src=\"http:\/\/q4-haircare.de\/q4-neu\/wp-content\/uploads\/2021\/02\/Shampoo_Silberreflex_11-83x300.png\" alt=\"\" width=\"65\" height=\"235\" srcset=\"https:\/\/q4-haircare.de\/q4-neu\/wp-content\/uploads\/2021\/02\/Shampoo_Silberreflex_11-83x300.png 83w, https:\/\/q4-haircare.de\/q4-neu\/wp-content\/uploads\/2021\/02\/Shampoo_Silberreflex_11-282x1024.png 282w, https:\/\/q4-haircare.de\/q4-neu\/wp-content\/uploads\/2021\/02\/Shampoo_Silberreflex_11-423x1536.png 423w, https:\/\/q4-haircare.de\/q4-neu\/wp-content\/uploads\/2021\/02\/Shampoo_Silberreflex_11.png 463w\" sizes=\"(max-width: 65px) 100vw, 65px\" \/><\/a><\/td>\n<td style=\"padding-left: 30px; height: 43px;\" valign=\"top\" bgcolor=\"#244169\" width=\"159\"><span style=\"color: #ffffff;\"><strong>Silberreflexshampoo Brombeere<\/strong><strong><br \/>\n<\/strong><\/span><\/td>\n<td style=\"height: 43px;\" valign=\"top\" width=\"19\"><\/td>\n<td style=\"height: 355px;\" rowspan=\"2\" valign=\"top\" width=\"150\"><\/td>\n<td style=\"padding-left: 30px; height: 43px;\" valign=\"top\" bgcolor=\"#244169\" width=\"154\"><span style=\"color: #ffffff;\"><strong>\u00a0<\/strong><\/span><\/td>\n<\/tr>\n<tr style=\"height: 312px;\">\n<td style=\"height: 312px;\" valign=\"top\" width=\"159\"><span style=\"color: #000000;\">Einfachste Gelbstichentfernung. Pflege und strahlendes Blond beim Haare waschen. Ob trendig blond oder nat\u00fcrlich Silber, die blau\/violetten Pigmente des Q4-Silberreflexshampoos verleihen Ihrem Haar strahlenden Glanz. Ausgesuchte Pflegestoffe mit Brombeeren Extrakt verbessern die K\u00e4mmbarkeit. <\/span><span style=\"color: #000000;\">Erh\u00e4ltlich in den Gr\u00f6\u00dfen: 200ml, 500ml, 5.000ml<br \/>\n<\/span><\/td>\n<td style=\"height: 312px;\" valign=\"top\" width=\"19\"><\/td>\n<td style=\"height: 312px;\" valign=\"top\" width=\"154\"><\/td>\n<\/tr>\n<\/tbody>\n<\/table>\n","protected":false},"excerpt":{"rendered":"<p>Shampoo \u00a0 Volumen Peelingshampoo Gurke \u00a0 Farbschutzshampoo\u00a0 Schl\u00fcsselblume Befreit Ihr Haar von R\u00fcckst\u00e4nden &#8211; es erh\u00e4lt strahlenden Glanz und unbeschwertes Volumen. Ausgew\u00e4hlte Inhaltsstoffe mit Gurken Extrakt und Panthenol spenden Ihrem Haar Feuchtigkeit. Die Volumenformel mit Keratin sorgt f\u00fcr kraftvolles Haar. Erh\u00e4ltlich in den Gr\u00f6\u00dfen: 200ml, 500ml, 5.000ml Reinigt Ihr Haar besonders sanft und sorgt auf [&hellip;]<\/p>\n","protected":false},"author":2,"featured_media":307,"parent":7,"menu_order":0,"comment_status":"open","ping_status":"closed","template":"","meta":[],"_links":{"self":[{"href":"https:\/\/q4-haircare.de\/q4-neu\/wp-json\/wp\/v2\/pages\/9"}],"collection":[{"href":"https:\/\/q4-haircare.de\/q4-neu\/wp-json\/wp\/v2\/pages"}],"about":[{"href":"https:\/\/q4-haircare.de\/q4-neu\/wp-json\/wp\/v2\/types\/page"}],"author":[{"embeddable":true,"href":"https:\/\/q4-haircare.de\/q4-neu\/wp-json\/wp\/v2\/users\/2"}],"replies":[{"embeddable":true,"href":"https:\/\/q4-haircare.de\/q4-neu\/wp-json\/wp\/v2\/comments?post=9"}],"version-history":[{"count":36,"href":"https:\/\/q4-haircare.de\/q4-neu\/wp-json\/wp\/v2\/pages\/9\/revisions"}],"predecessor-version":[{"id":578,"href":"https:\/\/q4-haircare.de\/q4-neu\/wp-json\/wp\/v2\/pages\/9\/revisions\/578"}],"up":[{"embeddable":true,"href":"https:\/\/q4-haircare.de\/q4-neu\/wp-json\/wp\/v2\/pages\/7"}],"wp:featuredmedia":[{"embeddable":true,"href":"https:\/\/q4-haircare.de\/q4-neu\/wp-json\/wp\/v2\/media\/307"}],"wp:attachment":[{"href":"https:\/\/q4-haircare.de\/q4-neu\/wp-json\/wp\/v2\/media?parent=9"}],"curies":[{"name":"wp","href":"https:\/\/api.w.org\/{rel}","templated":true}]}}