{"id":29,"date":"2014-07-24T14:11:38","date_gmt":"2014-07-24T12:11:38","guid":{"rendered":"http:\/\/q4-haircare.de\/q4-neu\/?page_id=29"},"modified":"2015-06-22T12:25:20","modified_gmt":"2015-06-22T10:25:20","slug":"qualitaetsmanagement","status":"publish","type":"page","link":"https:\/\/q4-haircare.de\/q4-neu\/ueber-uns\/qualitaetsmanagement\/","title":{"rendered":"Qualit\u00e4tsmanagement"},"content":{"rendered":"<p style=\"text-align: justify;\">Q4 Sensual Haircare stellt die Bed\u00fcrfnisse und W\u00fcnsche ihrer Kunden in den Vordergrund und legt h\u00f6chsten Wert auf die Qualit\u00e4t der Produkte. Ma\u00dfgeblich hierf\u00fcr sind die Produktentwicklung und deren permanente Verbesserung.<\/p>\n<p style=\"text-align: justify;\">Vor Neueinf\u00fchrungen sind intensive Recherchen und ein ausgepr\u00e4gter Informationsaustausch mit unseren Partnersalons und unserem Entwicklerteam entscheidend. Erst die Zusicherung und Best\u00e4tigung von Leistungseigenschaften eines Produktes von unabh\u00e4ngiger Seite bedeuten die Freigabe zur Einf\u00fchrung in den Markt.<\/p>\n<p style=\"text-align: justify;\">Um unseren selbstgesetzten hohen Qualit\u00e4tsanspr\u00fcchen zu entsprechen, werden all unsere Produkte st\u00e4ndigen Qualit\u00e4tstests unterzogen. Inhaltsstoffe, welche nicht unseren hohen Qualit\u00e4tsanforderungen gen\u00fcgen, werden umgehend ausgetauscht.<\/p>\n<p style=\"text-align: justify;\">\u00dcbrigens werden unsere Produkte ausschlie\u00dflich in Deutschland hergestellt.<\/p>\n","protected":false},"excerpt":{"rendered":"<p>Q4 Sensual Haircare stellt die Bed\u00fcrfnisse und W\u00fcnsche ihrer Kunden in den Vordergrund und legt h\u00f6chsten Wert auf die Qualit\u00e4t der Produkte. Ma\u00dfgeblich hierf\u00fcr sind die Produktentwicklung und deren permanente Verbesserung. Vor Neueinf\u00fchrungen sind intensive Recherchen und ein ausgepr\u00e4gter Informationsaustausch mit unseren Partnersalons und unserem Entwicklerteam entscheidend. Erst die Zusicherung und Best\u00e4tigung von Leistungseigenschaften eines [&hellip;]<\/p>\n","protected":false},"author":2,"featured_media":206,"parent":23,"menu_order":0,"comment_status":"closed","ping_status":"closed","template":"","meta":[],"_links":{"self":[{"href":"https:\/\/q4-haircare.de\/q4-neu\/wp-json\/wp\/v2\/pages\/29"}],"collection":[{"href":"https:\/\/q4-haircare.de\/q4-neu\/wp-json\/wp\/v2\/pages"}],"about":[{"href":"https:\/\/q4-haircare.de\/q4-neu\/wp-json\/wp\/v2\/types\/page"}],"author":[{"embeddable":true,"href":"https:\/\/q4-haircare.de\/q4-neu\/wp-json\/wp\/v2\/users\/2"}],"replies":[{"embeddable":true,"href":"https:\/\/q4-haircare.de\/q4-neu\/wp-json\/wp\/v2\/comments?post=29"}],"version-history":[{"count":6,"href":"https:\/\/q4-haircare.de\/q4-neu\/wp-json\/wp\/v2\/pages\/29\/revisions"}],"predecessor-version":[{"id":410,"href":"https:\/\/q4-haircare.de\/q4-neu\/wp-json\/wp\/v2\/pages\/29\/revisions\/410"}],"up":[{"embeddable":true,"href":"https:\/\/q4-haircare.de\/q4-neu\/wp-json\/wp\/v2\/pages\/23"}],"wp:featuredmedia":[{"embeddable":true,"href":"https:\/\/q4-haircare.de\/q4-neu\/wp-json\/wp\/v2\/media\/206"}],"wp:attachment":[{"href":"https:\/\/q4-haircare.de\/q4-neu\/wp-json\/wp\/v2\/media?parent=29"}],"curies":[{"name":"wp","href":"https:\/\/api.w.org\/{rel}","templated":true}]}}