{"id":27,"date":"2014-07-24T14:10:48","date_gmt":"2014-07-24T12:10:48","guid":{"rendered":"http:\/\/q4-haircare.de\/q4-neu\/?page_id=27"},"modified":"2015-06-22T12:16:45","modified_gmt":"2015-06-22T10:16:45","slug":"geschichte","status":"publish","type":"page","link":"https:\/\/q4-haircare.de\/q4-neu\/ueber-uns\/geschichte\/","title":{"rendered":"Geschichte"},"content":{"rendered":"<div id=\"attachment_223\" style=\"width: 374px\" class=\"wp-caption alignleft\"><img aria-describedby=\"caption-attachment-223\" decoding=\"async\" loading=\"lazy\" class=\"wp-image-223 \" src=\"http:\/\/q4-haircare.de\/q4-neu\/wp-content\/uploads\/2014\/10\/Q4-Verwaltung-300x225.jpg\" alt=\"Q4 sensual haircare - Versandlager Pirna\" width=\"364\" height=\"273\" srcset=\"https:\/\/q4-haircare.de\/q4-neu\/wp-content\/uploads\/2014\/10\/Q4-Verwaltung-300x225.jpg 300w, https:\/\/q4-haircare.de\/q4-neu\/wp-content\/uploads\/2014\/10\/Q4-Verwaltung-1024x768.jpg 1024w, https:\/\/q4-haircare.de\/q4-neu\/wp-content\/uploads\/2014\/10\/Q4-Verwaltung-600x450.jpg 600w\" sizes=\"(max-width: 364px) 100vw, 364px\" \/><p id=\"caption-attachment-223\" class=\"wp-caption-text\">Q4 sensual haircare &#8211; Versandlager Pirna<\/p><\/div>\n<p style=\"text-align: justify;\">Hinter der Produktlinie Q4 Sensual Haircare steckt die Firma LA Hair Consulting Group GmbH. Die LA Hair Consulting ist bereits seit den fr\u00fchen 80er Jahren in der Friseur Branche t\u00e4tig. Urspr\u00fcnglich beschr\u00e4nkte sich das T\u00e4tigkeitsfeld der LA Hair Consulting lediglich auf Planung und Lieferung von Friseureinrichtungen, was auch heute noch immer zum Dienstleistungsangebot z\u00e4hlt.<\/p>\n<p style=\"text-align: justify;\">Der permanente Kontakt zu Inhabern, Friseuren und Stylisten offenbarte jedoch ein verbreitetes Problem der Friseurbranche: Sowohl Mitarbeiter als auch Kunden werden durch die Masse der angebotenen Haarkosmetik Produkte von Industrie und Handel eher verwirrt und irritiert als aufgekl\u00e4rt. Der endverbrauchende Kunde wird durch die F\u00fclle der Produkte f\u00f6rmlich erschlagen.<\/p>\n<p style=\"text-align: justify;\">Haben sich Kunde und Mitarbeiter endlich auf ein passendes Produkt eingestellt, wird dieses auch schon wieder vom Markt genommen und durch ein vermeintlich Besseres ersetzt. Eine zweifelhafte Marketingstrategie f\u00fchrender Anbieter um Umsatzsteigerungen und Preiserh\u00f6hungen auf Kosten der Kunden durchzusetzen.<\/p>\n<p style=\"text-align: justify;\">\u00dcberraschender Weise kamen wir \u00fcbereinstimmend zu der Erkenntnis, dass Haarpflege zwar f\u00fcr vielerlei Probleme erh\u00e4ltlich war, diese jedoch ohne Beachtung von tats\u00e4chlichen Kundenbed\u00fcrfnissen und W\u00fcnschen entwickelt wurde. Eine hochwertige zudem aber \u00fcberschaubare, klare und einfache Produktpalette w\u00e4re die L\u00f6sung.<\/p>\n<p style=\"text-align: justify;\">Mitte der 90er Jahre wurde mit der Analyse von detaillierten Kundenbed\u00fcrfnissen begonnen. Zusammengefasst konnten diese wie folgt fokussiert werden:<\/p>\n<ol style=\"text-align: justify;\">\n<li>Ein Produkt mit gr\u00f6\u00dftm\u00f6glichem und breitem Nutzen<\/li>\n<li>Einfachste Anwendung<\/li>\n<li>Gute Vertr\u00e4glichkeit<\/li>\n<li>Anhaltender Effekt<\/li>\n<\/ol>\n<p style=\"text-align: justify;\">Diese Voraussetzungen zugrunde legend begannen wir im Jahre 2002 mit der Schaffung der innovativen Haarkosmetikserie Q4 Sensual Haircare.<\/p>\n<p style=\"text-align: justify;\">Wir haben uns f\u00fcr die Entwicklung von Q4 Sensual Haircare sehr viel Zeit genommen, bis wir mit dem Ergebnis in jeder Hinsicht zufrieden waren. Seit dem Jahr 2004 k\u00f6nnen wir Ihnen mit Q4 Sensual Haircare eine Haarkosmetik-Linie anbieten, die v\u00f6llig unkompliziert allerh\u00f6chste Anspr\u00fcche erf\u00fcllt, der Kreativit\u00e4t keine Grenzen setzt und ihnen zudem ein phantastisches Preis-Leistungsverh\u00e4ltnis bietet.<\/p>\n<p style=\"text-align: justify;\">Innerhalb weniger Jahre konnte die LA Hair Consulting Group GmbH mit dieser au\u00dfergew\u00f6hnlichen Produktlinie vom reinen Friseur Einrichter zum vielseitigen Friseurdienstleister inklusive Haarkosmetiklieferanten avancieren.<\/p>\n<p style=\"text-align: justify;\">Seitdem haben wir uns eine stabile bundesweite Marktposition mit steigender Kundenzahl erarbeitet.<\/p>\n","protected":false},"excerpt":{"rendered":"<p>Hinter der Produktlinie Q4 Sensual Haircare steckt die Firma LA Hair Consulting Group GmbH. Die LA Hair Consulting ist bereits seit den fr\u00fchen 80er Jahren in der Friseur Branche t\u00e4tig. Urspr\u00fcnglich beschr\u00e4nkte sich das T\u00e4tigkeitsfeld der LA Hair Consulting lediglich auf Planung und Lieferung von Friseureinrichtungen, was auch heute noch immer zum Dienstleistungsangebot z\u00e4hlt. Der [&hellip;]<\/p>\n","protected":false},"author":2,"featured_media":0,"parent":23,"menu_order":0,"comment_status":"open","ping_status":"open","template":"","meta":[],"_links":{"self":[{"href":"https:\/\/q4-haircare.de\/q4-neu\/wp-json\/wp\/v2\/pages\/27"}],"collection":[{"href":"https:\/\/q4-haircare.de\/q4-neu\/wp-json\/wp\/v2\/pages"}],"about":[{"href":"https:\/\/q4-haircare.de\/q4-neu\/wp-json\/wp\/v2\/types\/page"}],"author":[{"embeddable":true,"href":"https:\/\/q4-haircare.de\/q4-neu\/wp-json\/wp\/v2\/users\/2"}],"replies":[{"embeddable":true,"href":"https:\/\/q4-haircare.de\/q4-neu\/wp-json\/wp\/v2\/comments?post=27"}],"version-history":[{"count":8,"href":"https:\/\/q4-haircare.de\/q4-neu\/wp-json\/wp\/v2\/pages\/27\/revisions"}],"predecessor-version":[{"id":409,"href":"https:\/\/q4-haircare.de\/q4-neu\/wp-json\/wp\/v2\/pages\/27\/revisions\/409"}],"up":[{"embeddable":true,"href":"https:\/\/q4-haircare.de\/q4-neu\/wp-json\/wp\/v2\/pages\/23"}],"wp:attachment":[{"href":"https:\/\/q4-haircare.de\/q4-neu\/wp-json\/wp\/v2\/media?parent=27"}],"curies":[{"name":"wp","href":"https:\/\/api.w.org\/{rel}","templated":true}]}}