{"id":23,"date":"2014-07-24T14:06:47","date_gmt":"2014-07-24T12:06:47","guid":{"rendered":"http:\/\/q4-haircare.de\/q4-neu\/?page_id=23"},"modified":"2014-07-28T11:15:34","modified_gmt":"2014-07-28T09:15:34","slug":"ueber-uns","status":"publish","type":"page","link":"https:\/\/q4-haircare.de\/q4-neu\/ueber-uns\/","title":{"rendered":"\u00dcber uns"},"content":{"rendered":"<h2>Herzlich Willkommen bei Q4 sensual haircare<\/h2>\n<p style=\"text-align: justify;\"><a href=\"http:\/\/q4-haircare.de\/q4-neu\/wp-content\/uploads\/2014\/07\/q4-logo.png\"><img decoding=\"async\" loading=\"lazy\" class=\"alignleft wp-image-175 size-thumbnail\" style=\"margin-right: 10px; margin-left: 10px; border-width: 10px;\" src=\"http:\/\/q4-haircare.de\/q4-neu\/wp-content\/uploads\/2014\/07\/q4-logo-150x150.png\" alt=\"q4 logo\" width=\"150\" height=\"150\" \/><\/a>Unsere Haarkosmetikserie Q4 Sensual Hair Care wurde entwickelt um die stetig wachsenden Bed\u00fcrfnisse der Endverbraucher zu erf\u00fcllen. Neben unseren Standartprodukten zur Haarreinigung-, Pflege und zum Styling, wurde im Laufe der Jahre gezielt das Produktportfolio erweitert und modifiziert.<\/p>\n<p style=\"text-align: justify;\">So war z.B. der Ausbau des Leistungsspektrums der Friseursalons insbesondere die Aufnahme neuer Dienstleistungen f\u00fcr den Herren unsere Inspiration, zur Einf\u00fchrung einer einzigartigen Produktlinie speziell f\u00fcr den Mann. Unsere Trendline Q4 Sensual Haircare wird exklusiv in Friseursalons und ausgew\u00e4hlten Internetshops vertrieben.<\/p>\n<p style=\"text-align: justify;\">Durch die stetige Weiterentwicklung der speziellen Rezepturen, Sondierungen von Kundenw\u00fcnschen sowie des kontinuierlichen Austauschs mit f\u00fchrenden Hairstylisten, erreichen wir ein \u00fcberzeugendes Niveau unserer Haarkosmetik, bei einem konstant guten Preis Leistungsverh\u00e4ltnis.<\/p>\n<p style=\"text-align: justify;\">Getreu unserer Philosophie: Pers\u00f6nlich und Professionell im Sinne unserer Kunden, bieten wir Ihnen eine \u00fcberschaubare Produktpalette die keine W\u00fcnsche offen l\u00e4sst.<\/p>\n","protected":false},"excerpt":{"rendered":"<p>Herzlich Willkommen bei Q4 sensual haircare Unsere Haarkosmetikserie Q4 Sensual Hair Care wurde entwickelt um die stetig wachsenden Bed\u00fcrfnisse der Endverbraucher zu erf\u00fcllen. Neben unseren Standartprodukten zur Haarreinigung-, Pflege und zum Styling, wurde im Laufe der Jahre gezielt das Produktportfolio erweitert und modifiziert. So war z.B. der Ausbau des Leistungsspektrums der Friseursalons insbesondere die Aufnahme [&hellip;]<\/p>\n","protected":false},"author":2,"featured_media":0,"parent":0,"menu_order":0,"comment_status":"closed","ping_status":"closed","template":"","meta":[],"_links":{"self":[{"href":"https:\/\/q4-haircare.de\/q4-neu\/wp-json\/wp\/v2\/pages\/23"}],"collection":[{"href":"https:\/\/q4-haircare.de\/q4-neu\/wp-json\/wp\/v2\/pages"}],"about":[{"href":"https:\/\/q4-haircare.de\/q4-neu\/wp-json\/wp\/v2\/types\/page"}],"author":[{"embeddable":true,"href":"https:\/\/q4-haircare.de\/q4-neu\/wp-json\/wp\/v2\/users\/2"}],"replies":[{"embeddable":true,"href":"https:\/\/q4-haircare.de\/q4-neu\/wp-json\/wp\/v2\/comments?post=23"}],"version-history":[{"count":10,"href":"https:\/\/q4-haircare.de\/q4-neu\/wp-json\/wp\/v2\/pages\/23\/revisions"}],"predecessor-version":[{"id":177,"href":"https:\/\/q4-haircare.de\/q4-neu\/wp-json\/wp\/v2\/pages\/23\/revisions\/177"}],"wp:attachment":[{"href":"https:\/\/q4-haircare.de\/q4-neu\/wp-json\/wp\/v2\/media?parent=23"}],"curies":[{"name":"wp","href":"https:\/\/api.w.org\/{rel}","templated":true}]}}