{"id":143,"date":"2014-07-28T09:41:50","date_gmt":"2014-07-28T07:41:50","guid":{"rendered":"http:\/\/q4-haircare.de\/q4-neu\/?page_id=143"},"modified":"2014-07-28T10:32:41","modified_gmt":"2014-07-28T08:32:41","slug":"kontaktformular","status":"publish","type":"page","link":"https:\/\/q4-haircare.de\/q4-neu\/ueber-uns\/kontaktformular\/","title":{"rendered":"Kontakt"},"content":{"rendered":"<p><a href=\"http:\/\/q4-haircare.de\/q4-neu\/wp-content\/uploads\/2014\/07\/mail.png\"><img decoding=\"async\" loading=\"lazy\" class=\"alignleft wp-image-149\" style=\"border-width: 10px; margin-right: 10px; margin-left: 10px;\" src=\"http:\/\/q4-haircare.de\/q4-neu\/wp-content\/uploads\/2014\/07\/mail-150x150.png\" alt=\"mail\" width=\"91\" height=\"100\" srcset=\"https:\/\/q4-haircare.de\/q4-neu\/wp-content\/uploads\/2014\/07\/mail-272x300.png 272w, https:\/\/q4-haircare.de\/q4-neu\/wp-content\/uploads\/2014\/07\/mail-930x1024.png 930w, https:\/\/q4-haircare.de\/q4-neu\/wp-content\/uploads\/2014\/07\/mail-600x660.png 600w, https:\/\/q4-haircare.de\/q4-neu\/wp-content\/uploads\/2014\/07\/mail.png 1000w\" sizes=\"(max-width: 91px) 100vw, 91px\" \/><\/a>Wir sind sehr auf Ihr Feedback angewiesen, denn nur so k\u00f6nnen wir uns weiterentwickeln und stetig verbessern. Selbstverst\u00e4ndlich ist auch Ihr Lob jederzeit Willkommen.<\/p>\n<p>Nutzen Sie f\u00fcr den ersten Kontakt unser Kontaktformular. Gerne werden wir uns Ihrer Nachricht annehmen und Ihnen schnellstens antworten. Hierzu ist es allerdings unerl\u00e4sslich, dass Sie uns Ihre Kontaktdaten zukommen lassen.<\/p>\n<p>&nbsp;<\/p>\n<div role=\"form\" class=\"wpcf7\" id=\"wpcf7-f142-o1\" lang=\"de-DE\" dir=\"ltr\">\n<div class=\"screen-reader-response\"><\/div>\n<form action=\"\/q4-neu\/wp-json\/wp\/v2\/pages\/143#wpcf7-f142-o1\" method=\"post\" class=\"wpcf7-form\" novalidate=\"novalidate\">\n<div style=\"display: none;\">\n<input type=\"hidden\" name=\"_wpcf7\" value=\"142\" \/>\n<input type=\"hidden\" name=\"_wpcf7_version\" value=\"5.0.2\" \/>\n<input type=\"hidden\" name=\"_wpcf7_locale\" value=\"de_DE\" \/>\n<input type=\"hidden\" name=\"_wpcf7_unit_tag\" value=\"wpcf7-f142-o1\" \/>\n<input type=\"hidden\" name=\"_wpcf7_container_post\" value=\"0\" \/>\n<\/div>\n<p>Anrede:<br \/>\n  <span class=\"wpcf7-form-control-wrap Anrede\"><select name=\"Anrede\" class=\"wpcf7-form-control wpcf7-select wpcf7-validates-as-required\" aria-required=\"true\" aria-invalid=\"false\"><option value=\"Frau\">Frau<\/option><option value=\"Herr\">Herr<\/option><\/select><\/span> <\/p>\n<p>Vorname:<br \/>\n   <span class=\"wpcf7-form-control-wrap vorname\"><input type=\"text\" name=\"vorname\" value=\"\" size=\"40\" class=\"wpcf7-form-control wpcf7-text\" aria-invalid=\"false\" \/><\/span> <\/p>\n<p>Nachname  (Pflichtfeld):<br \/>\n    <span class=\"wpcf7-form-control-wrap nachname\"><input type=\"text\" name=\"nachname\" value=\"\" size=\"40\" class=\"wpcf7-form-control wpcf7-text\" aria-invalid=\"false\" \/><\/span> <\/p>\n<p>Strasse und Hausnummer:<br \/>\n    <span class=\"wpcf7-form-control-wrap strasse\"><input type=\"text\" name=\"strasse\" value=\"\" size=\"40\" class=\"wpcf7-form-control wpcf7-text\" aria-invalid=\"false\" \/><\/span> <\/p>\n<p>Postleitzahl:<br \/>\n    <span class=\"wpcf7-form-control-wrap PLZ\"><input type=\"text\" name=\"PLZ\" value=\"\" size=\"40\" class=\"wpcf7-form-control wpcf7-text\" aria-invalid=\"false\" \/><\/span> <\/p>\n<p>Ort  (Pflichtfeld):<br \/>\n   <span class=\"wpcf7-form-control-wrap Ort\"><input type=\"text\" name=\"Ort\" value=\"\" size=\"40\" class=\"wpcf7-form-control wpcf7-text\" aria-invalid=\"false\" \/><\/span> <\/p>\n<p>Ihre Telefonnummer:<br \/>\n   <span class=\"wpcf7-form-control-wrap telefonnummer\"><input type=\"text\" name=\"telefonnummer\" value=\"\" size=\"40\" class=\"wpcf7-form-control wpcf7-text\" aria-invalid=\"false\" \/><\/span> <\/p>\n<p>Ihre E-Mail-Adresse (Pflichtfeld):<br \/>\n    <span class=\"wpcf7-form-control-wrap your-email\"><input type=\"email\" name=\"your-email\" value=\"\" size=\"40\" class=\"wpcf7-form-control wpcf7-text wpcf7-email wpcf7-validates-as-required wpcf7-validates-as-email\" aria-required=\"true\" aria-invalid=\"false\" \/><\/span> <\/p>\n<p>Um Ihr Anliegen schnellstm\u00f6glich bearbeiten zu k\u00f6nnen, teilen Sie uns bitte den Grund Ihrer Kontaktaufnahme mit:<br \/>\n    <span class=\"wpcf7-form-control-wrap Anliegen\"><span class=\"wpcf7-form-control wpcf7-radio\"><span class=\"wpcf7-list-item first\"><input type=\"radio\" name=\"Anliegen\" value=\"Lob\" \/><span class=\"wpcf7-list-item-label\">Lob<\/span><\/span><span class=\"wpcf7-list-item\"><input type=\"radio\" name=\"Anliegen\" value=\"Kritik\" \/><span class=\"wpcf7-list-item-label\">Kritik<\/span><\/span><span class=\"wpcf7-list-item\"><input type=\"radio\" name=\"Anliegen\" value=\"Anfrage\" \/><span class=\"wpcf7-list-item-label\">Anfrage<\/span><\/span><span class=\"wpcf7-list-item last\"><input type=\"radio\" name=\"Anliegen\" value=\"Anregung\" \/><span class=\"wpcf7-list-item-label\">Anregung<\/span><\/span><\/span><\/span> <\/p>\n<p>Betreff<br \/>\n    <span class=\"wpcf7-form-control-wrap your-subject\"><input type=\"text\" name=\"your-subject\" value=\"\" size=\"40\" class=\"wpcf7-form-control wpcf7-text\" aria-invalid=\"false\" \/><\/span> <\/p>\n<p>Ihre Nachricht<br \/>\n    <span class=\"wpcf7-form-control-wrap your-message\"><textarea name=\"your-message\" cols=\"40\" rows=\"10\" class=\"wpcf7-form-control wpcf7-textarea\" aria-invalid=\"false\"><\/textarea><\/span> <\/p>\n<p><input type=\"hidden\" name=\"_wpcf7_captcha_challenge_captcha\" value=\"2924062251\" \/><img class=\"wpcf7-form-control wpcf7-captchac wpcf7-captcha-captcha\" width=\"72\" height=\"24\" alt=\"captcha\" src=\"https:\/\/q4-haircare.de\/q4-neu\/wp-content\/uploads\/wpcf7_captcha\/2924062251.png\" \/><br \/>\nBitte den Code hier einf\u00fcgen:<br \/>\n<span class=\"wpcf7-form-control-wrap captcha\"><input type=\"text\" name=\"captcha\" value=\"\" size=\"40\" class=\"wpcf7-form-control wpcf7-captchar\" autocomplete=\"off\" aria-invalid=\"false\" \/><\/span><\/p>\n<p><input type=\"submit\" value=\"Senden\" class=\"wpcf7-form-control wpcf7-submit\" \/><\/p>\n<p style=\"display: none !important;\"><label>&#916;<textarea name=\"_wpcf7_ak_hp_textarea\" cols=\"45\" rows=\"8\" maxlength=\"100\"><\/textarea><\/label><input type=\"hidden\" id=\"ak_js_1\" name=\"_wpcf7_ak_js\" value=\"146\"\/><script>document.getElementById( \"ak_js_1\" ).setAttribute( \"value\", ( new Date() ).getTime() );<\/script><\/p><div class=\"wpcf7-response-output wpcf7-display-none\"><\/div><\/form><\/div>\n","protected":false},"excerpt":{"rendered":"<p>Wir sind sehr auf Ihr Feedback angewiesen, denn nur so k\u00f6nnen wir uns weiterentwickeln und stetig verbessern. Selbstverst\u00e4ndlich ist auch Ihr Lob jederzeit Willkommen. Nutzen Sie f\u00fcr den ersten Kontakt unser Kontaktformular. Gerne werden wir uns Ihrer Nachricht annehmen und Ihnen schnellstens antworten. Hierzu ist es allerdings unerl\u00e4sslich, dass Sie uns Ihre Kontaktdaten zukommen lassen. [&hellip;]<\/p>\n","protected":false},"author":2,"featured_media":0,"parent":23,"menu_order":0,"comment_status":"open","ping_status":"open","template":"","meta":[],"_links":{"self":[{"href":"https:\/\/q4-haircare.de\/q4-neu\/wp-json\/wp\/v2\/pages\/143"}],"collection":[{"href":"https:\/\/q4-haircare.de\/q4-neu\/wp-json\/wp\/v2\/pages"}],"about":[{"href":"https:\/\/q4-haircare.de\/q4-neu\/wp-json\/wp\/v2\/types\/page"}],"author":[{"embeddable":true,"href":"https:\/\/q4-haircare.de\/q4-neu\/wp-json\/wp\/v2\/users\/2"}],"replies":[{"embeddable":true,"href":"https:\/\/q4-haircare.de\/q4-neu\/wp-json\/wp\/v2\/comments?post=143"}],"version-history":[{"count":9,"href":"https:\/\/q4-haircare.de\/q4-neu\/wp-json\/wp\/v2\/pages\/143\/revisions"}],"predecessor-version":[{"id":165,"href":"https:\/\/q4-haircare.de\/q4-neu\/wp-json\/wp\/v2\/pages\/143\/revisions\/165"}],"up":[{"embeddable":true,"href":"https:\/\/q4-haircare.de\/q4-neu\/wp-json\/wp\/v2\/pages\/23"}],"wp:attachment":[{"href":"https:\/\/q4-haircare.de\/q4-neu\/wp-json\/wp\/v2\/media?parent=143"}],"curies":[{"name":"wp","href":"https:\/\/api.w.org\/{rel}","templated":true}]}}