{"id":13,"date":"2014-07-24T14:01:01","date_gmt":"2014-07-24T12:01:01","guid":{"rendered":"http:\/\/q4-haircare.de\/q4-neu\/?page_id=13"},"modified":"2015-06-22T12:08:50","modified_gmt":"2015-06-22T10:08:50","slug":"styling","status":"publish","type":"page","link":"https:\/\/q4-haircare.de\/q4-neu\/q4-produkte\/styling\/","title":{"rendered":"Styling"},"content":{"rendered":"<p>&nbsp;<\/p>\n<p>&nbsp;<\/p>\n<p>&nbsp;<\/p>\n<p>&nbsp;<\/p>\n<p>&nbsp;<\/p>\n<p>&nbsp;<\/p>\n<p>&nbsp;<\/p>\n<table border=\"0\" cellspacing=\"0\" cellpadding=\"0\">\n<tbody>\n<tr>\n<td style=\"padding-left: 30px;\" colspan=\"5\" valign=\"top\" bgcolor=\"#E56D0E\" width=\"631\"><span style=\"color: #ffffff; font-size: medium;\"><span style=\"color: #ffffff;\"><strong>Styling<\/strong><\/span><\/span><\/td>\n<\/tr>\n<tr>\n<td rowspan=\"2\" valign=\"top\" width=\"150\">\u00a0<img decoding=\"async\" loading=\"lazy\" class=\"aligncenter size-medium wp-image-320\" src=\"http:\/\/q4-haircare.de\/q4-neu\/wp-content\/uploads\/2015\/06\/15-06-18-Glanzfestiger-Lindenblueten-66x300.gif\" alt=\"15-06-18 Glanzfestiger Lindenblueten\" width=\"33\" height=\"150\" srcset=\"https:\/\/q4-haircare.de\/q4-neu\/wp-content\/uploads\/2015\/06\/15-06-18-Glanzfestiger-Lindenblueten-66x300.gif 66w, https:\/\/q4-haircare.de\/q4-neu\/wp-content\/uploads\/2015\/06\/15-06-18-Glanzfestiger-Lindenblueten-226x1024.gif 226w\" sizes=\"(max-width: 33px) 100vw, 33px\" \/><\/td>\n<td style=\"padding-left: 30px;\" valign=\"top\" bgcolor=\"#E56D0E\" width=\"158\"><span style=\"color: #ffffff;\"><span style=\"color: #ffffff;\"><strong>Glanzfestiger Lindenbl\u00fcten<br \/>\n<\/strong><\/span><\/span><\/td>\n<td valign=\"top\" width=\"19\"><\/td>\n<td rowspan=\"2\" valign=\"top\" width=\"150\">\u00a0<img decoding=\"async\" loading=\"lazy\" class=\"aligncenter size-medium wp-image-317\" src=\"http:\/\/q4-haircare.de\/q4-neu\/wp-content\/uploads\/2015\/06\/15-06-18-Volumenmousse-Birke-77x300.gif\" alt=\"15-06-18 Volumenmousse Birke\" width=\"39\" height=\"150\" \/><\/td>\n<td style=\"padding-left: 30px;\" valign=\"top\" bgcolor=\"#E56D0E\" width=\"154\"><span style=\"color: #ffffff;\"><strong>Volumenmousse<br \/>\nBirke<\/strong><\/span><\/td>\n<\/tr>\n<tr>\n<td valign=\"top\" width=\"158\"><span style=\"color: #000000;\">Glanzfestiger Lindenbl\u00fcten gibt softem Haar Halt und perfekten Glanz. F\u00fcr alle Haartypen geeignet. Beruhigt die Haaroberfl\u00e4che. Schutz durch UV-Filter. <\/span><span style=\"color: #000000;\">Erh\u00e4ltlich in den Gr\u00f6\u00dfen: 250ml<\/span><\/p>\n<p>&nbsp;<\/td>\n<td valign=\"top\" width=\"19\"><\/td>\n<td valign=\"top\" width=\"154\"><span style=\"color: #000000;\">Volumenmousse Birke gibt dem Haar optimalen Stand und F\u00fclle, f\u00fcr jedes Haar geeignet. Erh\u00e4ltlich in den Gr\u00f6\u00dfen: 200ml<\/span><\/td>\n<\/tr>\n<tr>\n<td rowspan=\"2\" valign=\"top\" width=\"150\">\u00a0<img decoding=\"async\" loading=\"lazy\" class=\"aligncenter size-medium wp-image-319\" src=\"http:\/\/q4-haircare.de\/q4-neu\/wp-content\/uploads\/2015\/06\/15-06-18-Ansatzverstaerker-77x300.gif\" alt=\"15-06-18 Ansatzverstaerker\" width=\"39\" height=\"150\" \/><\/td>\n<td style=\"padding-left: 30px;\" valign=\"top\" bgcolor=\"#E56D0E\" width=\"158\"><span style=\"color: #ffffff;\"><span style=\"color: #ffffff;\"><strong>Ansatzverst\u00e4rker<br \/>\n<\/strong><\/span><\/span><span style=\"color: #ffffff;\"><strong>Stabilisator<\/strong><\/span><\/td>\n<td valign=\"top\" width=\"19\"><\/td>\n<td rowspan=\"2\" valign=\"top\" width=\"150\">\u00a0<img decoding=\"async\" loading=\"lazy\" class=\"aligncenter size-medium wp-image-325\" src=\"http:\/\/q4-haircare.de\/q4-neu\/wp-content\/uploads\/2015\/06\/15-06-18-Volumen-Lotion-Zypresse-83x300.gif\" alt=\"15-06-18 Volumen Lotion Zypresse\" width=\"42\" height=\"150\" \/><\/td>\n<td style=\"padding-left: 30px;\" valign=\"top\" bgcolor=\"#E56D0E\" width=\"154\"><span style=\"color: #ffffff;\"><strong>Volumen<br \/>\nLotion <\/strong><strong>Zypresse<\/strong><\/span><\/td>\n<\/tr>\n<tr>\n<td valign=\"top\" width=\"158\"><span style=\"color: #000000;\">Ansatzverst\u00e4rker (Festiger) gibt optimale F\u00fclle und Stand am Ansatz. Verleiht nat\u00fcrlichen Glanz. F\u00fcr normales bis feines Haar. Erh\u00e4ltlich in den Gr\u00f6\u00dfen: 200ml<\/span><\/p>\n<p>&nbsp;<\/td>\n<td valign=\"top\" width=\"19\"><\/td>\n<td valign=\"top\" width=\"154\"><span style=\"color: #000000;\">Gibt maximales Volumen und Glanz, l\u00e4sst das Haar kr\u00e4ftiger erscheinen und die Frisur erh\u00e4lt mehr Spannkraft durch den Memory-Effekt. Erh\u00e4ltlich in den Gr\u00f6\u00dfen: 220ml, 500ml, 5.000ml<br \/>\n<\/span><\/td>\n<\/tr>\n<tr>\n<td rowspan=\"2\" valign=\"top\" width=\"150\">\u00a0<img decoding=\"async\" loading=\"lazy\" class=\"aligncenter size-medium wp-image-355\" src=\"http:\/\/q4-haircare.de\/q4-neu\/wp-content\/uploads\/2014\/07\/15-06-18-Flexstyle-Creme-66x300.gif\" alt=\"15-06-18 Flexstyle Creme\" width=\"33\" height=\"150\" srcset=\"https:\/\/q4-haircare.de\/q4-neu\/wp-content\/uploads\/2014\/07\/15-06-18-Flexstyle-Creme-66x300.gif 66w, https:\/\/q4-haircare.de\/q4-neu\/wp-content\/uploads\/2014\/07\/15-06-18-Flexstyle-Creme-226x1024.gif 226w\" sizes=\"(max-width: 33px) 100vw, 33px\" \/><\/td>\n<td style=\"padding-left: 30px;\" valign=\"top\" bgcolor=\"#E56D0E\" width=\"158\"><span style=\"color: #ffffff;\"><span style=\"color: #ffffff;\"><strong>Flexstyle Creme Mikrofaser\u00a0<\/strong><\/span><\/span><\/td>\n<td valign=\"top\" width=\"19\"><\/td>\n<td rowspan=\"2\" valign=\"top\" width=\"150\">\u00a0<img decoding=\"async\" loading=\"lazy\" class=\"aligncenter wp-image-324 size-medium\" src=\"http:\/\/q4-haircare.de\/q4-neu\/wp-content\/uploads\/2015\/06\/15-06-18-Textur-gel-eichenrinde-86x300.gif\" alt=\"15-06-18 Textur gel eichenrinde\" width=\"43\" height=\"150\" srcset=\"https:\/\/q4-haircare.de\/q4-neu\/wp-content\/uploads\/2015\/06\/15-06-18-Textur-gel-eichenrinde-86x300.gif 86w, https:\/\/q4-haircare.de\/q4-neu\/wp-content\/uploads\/2015\/06\/15-06-18-Textur-gel-eichenrinde-295x1024.gif 295w\" sizes=\"(max-width: 43px) 100vw, 43px\" \/><\/td>\n<td style=\"padding-left: 30px;\" valign=\"top\" bgcolor=\"#E56D0E\" width=\"154\"><span style=\"color: #ffffff;\"><strong>Textur Gel Eichenrinde<\/strong><\/span><\/td>\n<\/tr>\n<tr>\n<td valign=\"top\" width=\"158\"><span style=\"color: #000000;\">F\u00fcr alle Haartypen und crunshige Frisuren. Gibt Stand, Halt und Glanz. Die Frisur l\u00e4sst sich wieder und wieder umstylen. Eine neue Dimension des Frisurenstylings. <\/span><span style=\"color: #000000;\">Erh\u00e4ltlich in den Gr\u00f6\u00dfen: 100ml<\/span><\/p>\n<p>&nbsp;<\/td>\n<td valign=\"top\" width=\"19\"><\/td>\n<td valign=\"top\" width=\"154\"><span style=\"color: #000000;\">Texturgel Eichenrinde f\u00fcr alle Haartypen geeignet. Einfaches Styling f\u00fcr Glanz und flexiblen Halt. Schutz durch UV-Filter. <\/span><span style=\"color: #000000;\">Erh\u00e4ltlich in den Gr\u00f6\u00dfen: 120ml, 250ml<\/span><\/td>\n<\/tr>\n<tr>\n<td rowspan=\"2\" valign=\"top\" width=\"150\">\u00a0<img decoding=\"async\" loading=\"lazy\" class=\"aligncenter size-medium wp-image-321\" src=\"http:\/\/q4-haircare.de\/q4-neu\/wp-content\/uploads\/2015\/06\/15-06-18-glanzverstaerker-Ulmenrinde-91x300.gif\" alt=\"15-06-18 glanzverstaerker Ulmenrinde\" width=\"46\" height=\"150\" \/><\/td>\n<td style=\"padding-left: 30px;\" valign=\"top\" bgcolor=\"#E56D0E\" width=\"158\"><span style=\"color: #ffffff;\"><span style=\"color: #ffffff;\"><strong>Glanzverst\u00e4rker<\/strong><\/span><strong><br \/>\n<\/strong><strong>Ulmenrinde<\/strong><\/span><\/td>\n<td valign=\"top\" width=\"19\"><\/td>\n<td rowspan=\"2\" valign=\"top\" width=\"150\">\u00a0<img decoding=\"async\" loading=\"lazy\" class=\"aligncenter size-medium wp-image-322\" src=\"http:\/\/q4-haircare.de\/q4-neu\/wp-content\/uploads\/2015\/06\/15-06-18-Holding-Gel-Extrem-88x300.gif\" alt=\"15-06-18 Holding Gel Extrem\" width=\"44\" height=\"150\" srcset=\"https:\/\/q4-haircare.de\/q4-neu\/wp-content\/uploads\/2015\/06\/15-06-18-Holding-Gel-Extrem-88x300.gif 88w, https:\/\/q4-haircare.de\/q4-neu\/wp-content\/uploads\/2015\/06\/15-06-18-Holding-Gel-Extrem-301x1024.gif 301w\" sizes=\"(max-width: 44px) 100vw, 44px\" \/><\/td>\n<td style=\"padding-left: 30px;\" valign=\"top\" bgcolor=\"#E56D0E\" width=\"154\"><span style=\"color: #ffffff;\"><strong>Holding Gel <\/strong><strong>Extrem<\/strong><\/span><\/td>\n<\/tr>\n<tr>\n<td valign=\"top\" width=\"158\"><span style=\"color: #000000;\">Ulmenrinden Glanzverst\u00e4rker beruhigt die Haaroberfl\u00e4che und gibt dem Haar ausdrucksstarken Glanz. Schutz durch UV-Filter. <\/span><span style=\"color: #000000;\">Erh\u00e4ltlich in den Gr\u00f6\u00dfen: 120ml, 250ml<\/span><\/p>\n<p>&nbsp;<\/td>\n<td valign=\"top\" width=\"19\"><\/td>\n<td valign=\"top\" width=\"154\"><span style=\"color: #000000;\">Durch eine spezielle Formel erhalten Sie extremen Halt sowie Glanz, mit Memory-Effekt. <\/span><span style=\"color: #000000;\">Erh\u00e4ltlich in den Gr\u00f6\u00dfen: 120ml, 250ml<\/span><\/td>\n<\/tr>\n<tr>\n<td style=\"width: 150px; text-align: center; vertical-align: middle;\" rowspan=\"2\" valign=\"top\" width=\"150\"><img decoding=\"async\" loading=\"lazy\" class=\"aligncenter size-medium wp-image-372\" src=\"http:\/\/q4-haircare.de\/q4-neu\/wp-content\/uploads\/2015\/06\/15-06-18-Pearl-Gel-Styler-66x300.gif\" alt=\"15-06-18 Pearl Gel Styler\" width=\"33\" height=\"150\" srcset=\"https:\/\/q4-haircare.de\/q4-neu\/wp-content\/uploads\/2015\/06\/15-06-18-Pearl-Gel-Styler-66x300.gif 66w, https:\/\/q4-haircare.de\/q4-neu\/wp-content\/uploads\/2015\/06\/15-06-18-Pearl-Gel-Styler-225x1024.gif 225w\" sizes=\"(max-width: 33px) 100vw, 33px\" \/><\/td>\n<td style=\"padding-left: 30px;\" valign=\"top\" bgcolor=\"#E56D0E\" width=\"158\"><span style=\"color: #ffffff;\"><span style=\"color: #ffffff;\"><strong>Pearl Gel<br \/>\nStyler<\/strong><\/span><\/span><\/td>\n<td valign=\"top\" width=\"19\"><\/td>\n<td rowspan=\"2\" valign=\"top\" width=\"150\"><\/td>\n<td style=\"padding-left: 30px;\" valign=\"top\" bgcolor=\"#E56D0E\" width=\"154\"><\/td>\n<\/tr>\n<tr>\n<td valign=\"top\" width=\"158\"><span style=\"color: #000000;\">Pearl Gel Styler &#8211; Stabiler Halt f\u00fcr alle Haartypen. Ideal zum Akzentuieren und Texturieren. Das Haar erh\u00e4lt brillanten Glanz.\u00a0 <\/span><span style=\"color: #000000;\">Erh\u00e4ltlich in den Gr\u00f6\u00dfen: 100ml<\/span><\/td>\n<td valign=\"top\" width=\"19\"><\/td>\n<td valign=\"top\" width=\"154\"><\/td>\n<\/tr>\n<\/tbody>\n<\/table>\n<p>&nbsp;<\/p>\n","protected":false},"excerpt":{"rendered":"<p>&nbsp; &nbsp; &nbsp; &nbsp; &nbsp; &nbsp; &nbsp; Styling \u00a0 Glanzfestiger Lindenbl\u00fcten \u00a0 Volumenmousse Birke Glanzfestiger Lindenbl\u00fcten gibt softem Haar Halt und perfekten Glanz. F\u00fcr alle Haartypen geeignet. Beruhigt die Haaroberfl\u00e4che. Schutz durch UV-Filter. Erh\u00e4ltlich in den Gr\u00f6\u00dfen: 250ml &nbsp; Volumenmousse Birke gibt dem Haar optimalen Stand und F\u00fclle, f\u00fcr jedes Haar geeignet. Erh\u00e4ltlich in den [&hellip;]<\/p>\n","protected":false},"author":2,"featured_media":318,"parent":7,"menu_order":0,"comment_status":"closed","ping_status":"closed","template":"","meta":[],"_links":{"self":[{"href":"https:\/\/q4-haircare.de\/q4-neu\/wp-json\/wp\/v2\/pages\/13"}],"collection":[{"href":"https:\/\/q4-haircare.de\/q4-neu\/wp-json\/wp\/v2\/pages"}],"about":[{"href":"https:\/\/q4-haircare.de\/q4-neu\/wp-json\/wp\/v2\/types\/page"}],"author":[{"embeddable":true,"href":"https:\/\/q4-haircare.de\/q4-neu\/wp-json\/wp\/v2\/users\/2"}],"replies":[{"embeddable":true,"href":"https:\/\/q4-haircare.de\/q4-neu\/wp-json\/wp\/v2\/comments?post=13"}],"version-history":[{"count":33,"href":"https:\/\/q4-haircare.de\/q4-neu\/wp-json\/wp\/v2\/pages\/13\/revisions"}],"predecessor-version":[{"id":406,"href":"https:\/\/q4-haircare.de\/q4-neu\/wp-json\/wp\/v2\/pages\/13\/revisions\/406"}],"up":[{"embeddable":true,"href":"https:\/\/q4-haircare.de\/q4-neu\/wp-json\/wp\/v2\/pages\/7"}],"wp:featuredmedia":[{"embeddable":true,"href":"https:\/\/q4-haircare.de\/q4-neu\/wp-json\/wp\/v2\/media\/318"}],"wp:attachment":[{"href":"https:\/\/q4-haircare.de\/q4-neu\/wp-json\/wp\/v2\/media?parent=13"}],"curies":[{"name":"wp","href":"https:\/\/api.w.org\/{rel}","templated":true}]}}