{"id":11,"date":"2014-07-24T14:00:13","date_gmt":"2014-07-24T12:00:13","guid":{"rendered":"http:\/\/q4-haircare.de\/q4-neu\/?page_id=11"},"modified":"2015-06-19T10:37:28","modified_gmt":"2015-06-19T08:37:28","slug":"pflege","status":"publish","type":"page","link":"https:\/\/q4-haircare.de\/q4-neu\/q4-produkte\/pflege\/","title":{"rendered":"Pflege"},"content":{"rendered":"<p>&nbsp;<\/p>\n<p>&nbsp;<\/p>\n<p>&nbsp;<\/p>\n<p>&nbsp;<\/p>\n<p>&nbsp;<\/p>\n<p>&nbsp;<\/p>\n<p>&nbsp;<\/p>\n<table border=\"0\" cellspacing=\"0\" cellpadding=\"0\">\n<tbody>\n<tr>\n<td style=\"padding-left: 30px;\" colspan=\"5\" valign=\"top\" bgcolor=\"#78923B\" width=\"631\"><span style=\"color: #ffffff; font-size: medium;\"><span style=\"color: #ffffff;\"><strong>Pflege<\/strong><\/span><\/span><\/td>\n<\/tr>\n<tr>\n<td rowspan=\"2\" valign=\"top\" width=\"149\">\u00a0<img decoding=\"async\" loading=\"lazy\" class=\"aligncenter size-medium wp-image-310\" src=\"http:\/\/q4-haircare.de\/q4-neu\/wp-content\/uploads\/2015\/06\/15-06-18-UV-Farbpflegespray-76x300.gif\" alt=\"15-06-18 UV Farbpflegespray\" width=\"38\" height=\"150\" srcset=\"https:\/\/q4-haircare.de\/q4-neu\/wp-content\/uploads\/2015\/06\/15-06-18-UV-Farbpflegespray-76x300.gif 76w, https:\/\/q4-haircare.de\/q4-neu\/wp-content\/uploads\/2015\/06\/15-06-18-UV-Farbpflegespray-259x1024.gif 259w\" sizes=\"(max-width: 38px) 100vw, 38px\" \/><\/td>\n<td style=\"padding-left: 30px;\" valign=\"top\" bgcolor=\"#78923B\" width=\"159\"><span style=\"color: #ffffff;\"><strong>UV Farbpflegespray <\/strong><strong>Weizenprotein<\/strong><\/span><\/td>\n<td valign=\"top\" width=\"19\"><\/td>\n<td rowspan=\"2\" valign=\"top\" width=\"150\">\u00a0<img decoding=\"async\" loading=\"lazy\" class=\"aligncenter size-medium wp-image-312\" src=\"http:\/\/q4-haircare.de\/q4-neu\/wp-content\/uploads\/2015\/06\/15-06-18-Keratin-Pflegebalsam-83x300.gif\" alt=\"15-06-18 Keratin Pflegebalsam\" width=\"42\" height=\"150\" \/><\/td>\n<td style=\"padding-left: 30px;\" valign=\"top\" bgcolor=\"#78923B\" width=\"154\"><span style=\"color: #ffffff;\"><strong>Keratin Pflegebalsam<\/strong><strong> Salbei<\/strong><\/span><\/td>\n<\/tr>\n<tr>\n<td valign=\"top\" width=\"159\"><span style=\"color: #000000;\">Dieses leicht pflegende Spray spendet normalem bis trockenem Haar Feuchtigkeit und entwirrt es gleichzeitig f\u00fcr eine bessere K\u00e4mmbarkeit. Das Haar erh\u00e4lt optimalen Schutz und Glanz (UV-Filter). Erh\u00e4ltlich in den Gr\u00f6\u00dfen: 220ml, 500ml, 5.000ml<br \/>\n<\/span><\/td>\n<td valign=\"top\" width=\"19\"><\/td>\n<td valign=\"top\" width=\"154\"><span style=\"color: #000000;\">Dieser reichhaltige, feuchtigkeitsspendende Conditioner pflegt und versiegelt das Haar und gibt Glanz und Geschmeidigkeit zur\u00fcck. Ideal f\u00fcr jeden Haartyp und nach chemischen Behandlungen. Erh\u00e4ltlich in den Gr\u00f6\u00dfen: 220ml, 500ml, 5.000ml<br \/>\n<\/span><\/p>\n<p>&nbsp;<\/td>\n<\/tr>\n<tr>\n<td rowspan=\"2\" valign=\"top\" width=\"149\">\u00a0<a href=\"http:\/\/q4-haircare.de\/q4-neu\/wp-content\/uploads\/2015\/06\/15-06-18-Aufbaukur-Weizenprotein.gif\"><img decoding=\"async\" loading=\"lazy\" class=\"aligncenter size-medium wp-image-311\" src=\"http:\/\/q4-haircare.de\/q4-neu\/wp-content\/uploads\/2015\/06\/15-06-18-Aufbaukur-Weizenprotein-83x300.gif\" alt=\"15-06-18 Aufbaukur Weizenprotein\" width=\"42\" height=\"150\" \/><\/a><\/td>\n<td style=\"padding-left: 30px;\" valign=\"top\" bgcolor=\"#78923B\" width=\"159\"><span style=\"color: #ffffff;\"><span style=\"color: #ffffff;\"><strong>Aufbaukur<br \/>\n<strong><strong>Weizenprotein<\/strong><\/strong><\/strong><\/span><\/span><\/td>\n<td valign=\"top\" width=\"19\"><\/td>\n<td rowspan=\"2\" valign=\"top\" width=\"150\">\u00a0<img decoding=\"async\" loading=\"lazy\" class=\"aligncenter size-medium wp-image-309\" src=\"http:\/\/q4-haircare.de\/q4-neu\/wp-content\/uploads\/2015\/06\/15-06-18-Kraeftigungsmaske-83x300.gif\" alt=\"15-06-18 Kraeftigungsmaske\" width=\"42\" height=\"150\" \/><\/td>\n<td style=\"padding-left: 30px;\" valign=\"top\" bgcolor=\"#78923B\" width=\"154\"><span style=\"color: #ffffff;\"><span style=\"color: #ffffff;\"><strong>Kr\u00e4ftigungsmaske\u00a0 <strong>Rosmarin Minz<\/strong><\/strong><\/span><\/span><\/td>\n<\/tr>\n<tr>\n<td valign=\"top\" width=\"159\"><span style=\"color: #000000;\">Die Aufbaukur Weizenprotein wurde entwickelt, um gesch\u00e4digtes Haar wieder aufzubauen. Die nat\u00fcrliche Feuchtigkeitsbalance wird wieder hergestellt, das Haar wird glatt und gl\u00e4nzend. Erh\u00e4ltlich in den Gr\u00f6\u00dfen: 220ml, 500ml, 5.000ml<br \/>\n<\/span><\/td>\n<td valign=\"top\" width=\"19\"><\/td>\n<td valign=\"top\" width=\"154\"><span style=\"color: #000000;\">Entwickelt, um die Kopfhaut sofort zu erfrischen. Die Durchblutung der Kopfhaut wird stimuliert und das Haar gekr\u00e4ftigt. Als Vorbeugung gegen Haarausfall, f\u00fcr feines bis trockenes Haar. Erh\u00e4ltlich in den Gr\u00f6\u00dfen: 220ml, 500ml, 5.000ml<br \/>\n<\/span><\/td>\n<\/tr>\n<\/tbody>\n<\/table>\n<p>&nbsp;<\/p>\n<p>&nbsp;<\/p>\n","protected":false},"excerpt":{"rendered":"<p>&nbsp; &nbsp; &nbsp; &nbsp; &nbsp; &nbsp; &nbsp; Pflege \u00a0 UV Farbpflegespray Weizenprotein \u00a0 Keratin Pflegebalsam Salbei Dieses leicht pflegende Spray spendet normalem bis trockenem Haar Feuchtigkeit und entwirrt es gleichzeitig f\u00fcr eine bessere K\u00e4mmbarkeit. Das Haar erh\u00e4lt optimalen Schutz und Glanz (UV-Filter). Erh\u00e4ltlich in den Gr\u00f6\u00dfen: 220ml, 500ml, 5.000ml Dieser reichhaltige, feuchtigkeitsspendende Conditioner pflegt und [&hellip;]<\/p>\n","protected":false},"author":2,"featured_media":313,"parent":7,"menu_order":0,"comment_status":"closed","ping_status":"closed","template":"","meta":[],"_links":{"self":[{"href":"https:\/\/q4-haircare.de\/q4-neu\/wp-json\/wp\/v2\/pages\/11"}],"collection":[{"href":"https:\/\/q4-haircare.de\/q4-neu\/wp-json\/wp\/v2\/pages"}],"about":[{"href":"https:\/\/q4-haircare.de\/q4-neu\/wp-json\/wp\/v2\/types\/page"}],"author":[{"embeddable":true,"href":"https:\/\/q4-haircare.de\/q4-neu\/wp-json\/wp\/v2\/users\/2"}],"replies":[{"embeddable":true,"href":"https:\/\/q4-haircare.de\/q4-neu\/wp-json\/wp\/v2\/comments?post=11"}],"version-history":[{"count":8,"href":"https:\/\/q4-haircare.de\/q4-neu\/wp-json\/wp\/v2\/pages\/11\/revisions"}],"predecessor-version":[{"id":589,"href":"https:\/\/q4-haircare.de\/q4-neu\/wp-json\/wp\/v2\/pages\/11\/revisions\/589"}],"up":[{"embeddable":true,"href":"https:\/\/q4-haircare.de\/q4-neu\/wp-json\/wp\/v2\/pages\/7"}],"wp:featuredmedia":[{"embeddable":true,"href":"https:\/\/q4-haircare.de\/q4-neu\/wp-json\/wp\/v2\/media\/313"}],"wp:attachment":[{"href":"https:\/\/q4-haircare.de\/q4-neu\/wp-json\/wp\/v2\/media?parent=11"}],"curies":[{"name":"wp","href":"https:\/\/api.w.org\/{rel}","templated":true}]}}